{"id":87,"date":"2021-02-16T20:04:17","date_gmt":"2021-02-16T20:04:17","guid":{"rendered":"https:\/\/platforma.liceul-nenitescu-craiova.ro\/?page_id=87"},"modified":"2022-05-10T06:02:58","modified_gmt":"2022-05-10T06:02:58","slug":"87-2","status":"publish","type":"page","link":"https:\/\/platforma.liceul-nenitescu-craiova.ro\/","title":{"rendered":"Acasa"},"content":{"rendered":"<p>[et_pb_section fb_built=&#8221;1&#8243; _builder_version=&#8221;4.8.1&#8243; _module_preset=&#8221;default&#8221; custom_padding=&#8221;||0px|||&#8221; global_colors_info=&#8221;{}&#8221;][et_pb_row _builder_version=&#8221;4.8.1&#8243; _module_preset=&#8221;default&#8221; global_colors_info=&#8221;{}&#8221;][et_pb_column type=&#8221;4_4&#8243; _builder_version=&#8221;4.8.1&#8243; _module_preset=&#8221;default&#8221; global_colors_info=&#8221;{}&#8221;][et_pb_image src=&#8221;https:\/\/platforma.liceul-nenitescu-craiova.ro\/wp-content\/uploads\/2021\/02\/Afis-scaled.jpg&#8221; title_text=&#8221;Afis&#8221; _builder_version=&#8221;4.8.1&#8243; _module_preset=&#8221;default&#8221; global_colors_info=&#8221;{}&#8221;][\/et_pb_image][et_pb_image src=&#8221;https:\/\/platforma.liceul-nenitescu-craiova.ro\/wp-content\/uploads\/2021\/02\/continut_brosura_Page_1.jpg&#8221; title_text=&#8221;continut_brosura_Page_1&#8243; _builder_version=&#8221;4.8.1&#8243; _module_preset=&#8221;default&#8221; box_shadow_style=&#8221;preset1&#8243; global_colors_info=&#8221;{}&#8221;][\/et_pb_image][et_pb_image src=&#8221;https:\/\/platforma.liceul-nenitescu-craiova.ro\/wp-content\/uploads\/2021\/02\/continut_brosura_Page_2.jpg&#8221; title_text=&#8221;continut_brosura_Page_2&#8243; _builder_version=&#8221;4.8.1&#8243; _module_preset=&#8221;default&#8221; box_shadow_style=&#8221;preset1&#8243; global_colors_info=&#8221;{}&#8221;][\/et_pb_image][et_pb_image src=&#8221;https:\/\/platforma.liceul-nenitescu-craiova.ro\/wp-content\/uploads\/2021\/02\/continut_brosura_Page_3.jpg&#8221; title_text=&#8221;continut_brosura_Page_3&#8243; _builder_version=&#8221;4.8.1&#8243; _module_preset=&#8221;default&#8221; box_shadow_style=&#8221;preset1&#8243; global_colors_info=&#8221;{}&#8221;][\/et_pb_image][et_pb_image src=&#8221;https:\/\/platforma.liceul-nenitescu-craiova.ro\/wp-content\/uploads\/2021\/02\/continut_brosura_Page_4.jpg&#8221; title_text=&#8221;continut_brosura_Page_4&#8243; _builder_version=&#8221;4.8.1&#8243; _module_preset=&#8221;default&#8221; box_shadow_style=&#8221;preset1&#8243; global_colors_info=&#8221;{}&#8221;][\/et_pb_image][et_pb_image src=&#8221;https:\/\/platforma.liceul-nenitescu-craiova.ro\/wp-content\/uploads\/2021\/02\/continut_brosura_Page_5.jpg&#8221; title_text=&#8221;continut_brosura_Page_5&#8243; _builder_version=&#8221;4.8.1&#8243; _module_preset=&#8221;default&#8221; box_shadow_style=&#8221;preset1&#8243; global_colors_info=&#8221;{}&#8221;][\/et_pb_image][et_pb_image src=&#8221;https:\/\/platforma.liceul-nenitescu-craiova.ro\/wp-content\/uploads\/2021\/02\/continut_brosura_Page_6.jpg&#8221; title_text=&#8221;continut_brosura_Page_6&#8243; _builder_version=&#8221;4.8.1&#8243; _module_preset=&#8221;default&#8221; box_shadow_style=&#8221;preset1&#8243; global_colors_info=&#8221;{}&#8221;][\/et_pb_image][et_pb_image src=&#8221;https:\/\/platforma.liceul-nenitescu-craiova.ro\/wp-content\/uploads\/2021\/02\/continut_brosura_Page_7.jpg&#8221; title_text=&#8221;continut_brosura_Page_7&#8243; _builder_version=&#8221;4.8.1&#8243; _module_preset=&#8221;default&#8221; box_shadow_style=&#8221;preset1&#8243; global_colors_info=&#8221;{}&#8221;][\/et_pb_image][et_pb_image src=&#8221;https:\/\/platforma.liceul-nenitescu-craiova.ro\/wp-content\/uploads\/2021\/02\/continut_brosura_Page_8.jpg&#8221; title_text=&#8221;continut_brosura_Page_8&#8243; _builder_version=&#8221;4.8.1&#8243; _module_preset=&#8221;default&#8221; box_shadow_style=&#8221;preset1&#8243; global_colors_info=&#8221;{}&#8221;][\/et_pb_image][et_pb_image src=&#8221;https:\/\/platforma.liceul-nenitescu-craiova.ro\/wp-content\/uploads\/2021\/02\/coperta_brosura-scaled.jpg&#8221; title_text=&#8221;coperta_brosura&#8221; _builder_version=&#8221;4.8.1&#8243; _module_preset=&#8221;default&#8221; box_shadow_style=&#8221;preset1&#8243; global_colors_info=&#8221;{}&#8221;][\/et_pb_image][\/et_pb_column][\/et_pb_row][et_pb_row _builder_version=&#8221;4.9.3&#8243; _module_preset=&#8221;default&#8221; global_colors_info=&#8221;{}&#8221;][et_pb_column type=&#8221;4_4&#8243; _builder_version=&#8221;4.9.3&#8243; _module_preset=&#8221;default&#8221; global_colors_info=&#8221;{}&#8221;][et_pb_divider divider_weight=&#8221;4px&#8221; _builder_version=&#8221;4.9.3&#8243; _module_preset=&#8221;default&#8221; global_colors_info=&#8221;{}&#8221;][\/et_pb_divider][\/et_pb_column][\/et_pb_row][\/et_pb_section][et_pb_section fb_built=&#8221;1&#8243; _builder_version=&#8221;4.9.3&#8243; _module_preset=&#8221;default&#8221; min_height=&#8221;126.4px&#8221; custom_margin=&#8221;-1px|||||&#8221; custom_padding=&#8221;2px|||||&#8221; global_colors_info=&#8221;{}&#8221;][et_pb_row column_structure=&#8221;1_2,1_2&#8243; make_equal=&#8221;on&#8221; _builder_version=&#8221;4.9.3&#8243; _module_preset=&#8221;default&#8221; custom_margin=&#8221;2px|auto||auto||&#8221; global_colors_info=&#8221;{}&#8221;][et_pb_column type=&#8221;1_2&#8243; _builder_version=&#8221;4.9.3&#8243; _module_preset=&#8221;default&#8221; global_colors_info=&#8221;{}&#8221;][et_pb_blurb title=&#8221; www.fonduri-ue.ro&#8221; image=&#8221;https:\/\/platforma.liceul-nenitescu-craiova.ro\/wp-content\/uploads\/2021\/04\/slide-background-ur.png&#8221; _builder_version=&#8221;4.13.0&#8243; _module_preset=&#8221;default&#8221; box_shadow_style=&#8221;preset2&#8243; global_colors_info=&#8221;{}&#8221;]<\/p>\n<p><span style=\"color: #000000;\">\u00a0Pentru informa\u0163ii detaliate despre celelalte programe cofinan\u0163ate de Uniunea European\u0103, v\u0103 invit\u0103m s\u0103 vizita\u0163i<\/span> <span style=\"color: #000080;\"><a href=\"http:\/\/www.fonduri-ue.ro\" style=\"color: #000080;\">www.fonduri-ue.ro<\/a><\/span><\/p>\n<p>[\/et_pb_blurb][\/et_pb_column][et_pb_column type=&#8221;1_2&#8243; _builder_version=&#8221;4.9.3&#8243; _module_preset=&#8221;default&#8221; global_colors_info=&#8221;{}&#8221;][et_pb_blurb use_icon=&#8221;on&#8221; font_icon=&#8221;&#xe108;||divi||400&#8243; icon_color=&#8221;#0C71C3&#8243; image_icon_width=&#8221;100px&#8221; _builder_version=&#8221;4.13.0&#8243; _module_preset=&#8221;default&#8221; custom_margin=&#8221;||-7px|||&#8221; custom_padding=&#8221;||17px|||&#8221; box_shadow_style=&#8221;preset2&#8243; icon_font_size=&#8221;100px&#8221; global_colors_info=&#8221;{}&#8221;]<\/p>\n<p><span style=\"color: #000000;\">\u00a0Con\u0163inutul acestui material nu reprezint\u0103 \u00een mod obligatoriu pozi\u0163ia oficial\u0103 a\u00a0 \u00a0Uniunii Europene sau a Guvernului Rom\u00e2niei<\/span><\/p>\n<p>[\/et_pb_blurb][\/et_pb_column][\/et_pb_row][\/et_pb_section]<\/p>\n","protected":false},"excerpt":{"rendered":"<p>\u00a0Pentru informa\u0163ii detaliate despre celelalte programe cofinan\u0163ate de Uniunea European\u0103, v\u0103 invit\u0103m s\u0103 vizita\u0163i www.fonduri-ue.ro\u00a0Con\u0163inutul acestui material nu reprezint\u0103 \u00een mod obligatoriu pozi\u0163ia oficial\u0103 a\u00a0 \u00a0Uniunii Europene sau a Guvernului Rom\u00e2niei<\/p>\n","protected":false},"author":1,"featured_media":0,"parent":0,"menu_order":0,"comment_status":"closed","ping_status":"closed","template":"","meta":{"_et_pb_use_builder":"on","_et_pb_old_content":"","_et_gb_content_width":"","footnotes":""},"_links":{"self":[{"href":"https:\/\/platforma.liceul-nenitescu-craiova.ro\/index.php\/wp-json\/wp\/v2\/pages\/87"}],"collection":[{"href":"https:\/\/platforma.liceul-nenitescu-craiova.ro\/index.php\/wp-json\/wp\/v2\/pages"}],"about":[{"href":"https:\/\/platforma.liceul-nenitescu-craiova.ro\/index.php\/wp-json\/wp\/v2\/types\/page"}],"author":[{"embeddable":true,"href":"https:\/\/platforma.liceul-nenitescu-craiova.ro\/index.php\/wp-json\/wp\/v2\/users\/1"}],"replies":[{"embeddable":true,"href":"https:\/\/platforma.liceul-nenitescu-craiova.ro\/index.php\/wp-json\/wp\/v2\/comments?post=87"}],"version-history":[{"count":15,"href":"https:\/\/platforma.liceul-nenitescu-craiova.ro\/index.php\/wp-json\/wp\/v2\/pages\/87\/revisions"}],"predecessor-version":[{"id":1411,"href":"https:\/\/platforma.liceul-nenitescu-craiova.ro\/index.php\/wp-json\/wp\/v2\/pages\/87\/revisions\/1411"}],"wp:attachment":[{"href":"https:\/\/platforma.liceul-nenitescu-craiova.ro\/index.php\/wp-json\/wp\/v2\/media?parent=87"}],"curies":[{"name":"wp","href":"https:\/\/api.w.org\/{rel}","templated":true}]}}